{"id":11883,"date":"2024-09-05T00:31:40","date_gmt":"2024-09-05T00:31:40","guid":{"rendered":"https:\/\/interlag.com\/politique-de-confidentialite-copy\/"},"modified":"2024-09-09T21:11:23","modified_gmt":"2024-09-09T21:11:23","slug":"politique-de-confidentialite","status":"publish","type":"page","link":"https:\/\/interlag.com\/en\/politique-de-confidentialite\/","title":{"rendered":"Internal Policies"},"content":{"rendered":"<div data-elementor-type=\"wp-page\" data-elementor-id=\"11883\" class=\"elementor elementor-11883\" data-elementor-post-type=\"page\">\n\t\t\t\t\t\t<section class=\"elementor-section elementor-top-section elementor-element elementor-element-f7bf00e elementor-section-boxed elementor-section-height-default elementor-section-height-default mkdf-parallax-row-no mkdf-content-aligment-left mkdf-elementor-row-grid-no mkdf-disabled-bg-image-bellow-no mkdf-row-btt-light\" data-id=\"f7bf00e\" data-element_type=\"section\" data-settings=\"{&quot;_ob_glider_is_slider&quot;:&quot;no&quot;}\">\n\t\t\t\t\t\t<div class=\"elementor-container elementor-column-gap-default\">\n\t\t\t\t\t<div class=\"elementor-column elementor-col-100 elementor-top-column elementor-element elementor-element-5ec9800\" data-id=\"5ec9800\" data-element_type=\"column\" data-settings=\"{&quot;_ob_column_hoveranimator&quot;:&quot;no&quot;,&quot;_ob_column_has_pseudo&quot;:&quot;no&quot;}\">\n\t\t\t<div class=\"elementor-widget-wrap elementor-element-populated\">\n\t\t\t\t\t\t<section class=\"elementor-section elementor-inner-section elementor-element elementor-element-a17ef5f elementor-section-boxed elementor-section-height-default elementor-section-height-default mkdf-parallax-row-no mkdf-content-aligment-left mkdf-elementor-row-grid-no mkdf-disabled-bg-image-bellow-no mkdf-row-btt-light\" data-id=\"a17ef5f\" data-element_type=\"section\" data-settings=\"{&quot;_ob_glider_is_slider&quot;:&quot;no&quot;}\">\n\t\t\t\t\t\t<div class=\"elementor-container elementor-column-gap-default\">\n\t\t\t\t\t<div class=\"elementor-column elementor-col-100 elementor-inner-column elementor-element elementor-element-9124fb5\" data-id=\"9124fb5\" data-element_type=\"column\" data-settings=\"{&quot;_ob_column_hoveranimator&quot;:&quot;no&quot;,&quot;_ob_column_has_pseudo&quot;:&quot;no&quot;}\">\n\t\t\t<div class=\"elementor-widget-wrap elementor-element-populated\">\n\t\t\t\t\t\t<div class=\"elementor-element elementor-element-22222b9 ob-harakiri-inherit ob-has-background-overlay elementor-widget elementor-widget-text-editor\" data-id=\"22222b9\" data-element_type=\"widget\" data-settings=\"{&quot;_ob_use_harakiri&quot;:&quot;yes&quot;,&quot;_ob_harakiri_writing_mode&quot;:&quot;inherit&quot;,&quot;_ob_postman_use&quot;:&quot;no&quot;,&quot;_ob_widget_stalker_use&quot;:&quot;no&quot;,&quot;_ob_poopart_use&quot;:&quot;yes&quot;,&quot;_ob_shadough_use&quot;:&quot;no&quot;,&quot;_ob_allow_hoveranimator&quot;:&quot;no&quot;}\" data-widget_type=\"text-editor.default\">\n\t\t\t\t<div class=\"elementor-widget-container\">\n\t\t\t\t\t\t\t\t\t<h3>Property rights<\/h3><h5>Trademark<\/h5><p>The logos and trademarks displayed on this site are the property of Construction Interlag Inc or third parties. Their use or reproduction is prohibited without the written consent of their owner.<\/p>\t\t\t\t\t\t\t\t<\/div>\n\t\t\t\t<\/div>\n\t\t\t\t<div class=\"elementor-element elementor-element-895a1b2 ob-harakiri-inherit ob-has-background-overlay elementor-widget elementor-widget-text-editor\" data-id=\"895a1b2\" data-element_type=\"widget\" data-settings=\"{&quot;_ob_use_harakiri&quot;:&quot;yes&quot;,&quot;_ob_harakiri_writing_mode&quot;:&quot;inherit&quot;,&quot;_ob_postman_use&quot;:&quot;no&quot;,&quot;_ob_widget_stalker_use&quot;:&quot;no&quot;,&quot;_ob_poopart_use&quot;:&quot;yes&quot;,&quot;_ob_shadough_use&quot;:&quot;no&quot;,&quot;_ob_allow_hoveranimator&quot;:&quot;no&quot;}\" data-widget_type=\"text-editor.default\">\n\t\t\t\t<div class=\"elementor-widget-container\">\n\t\t\t\t\t\t\t\t\t<h3>Legal notice<\/h3><h5>Collaborative spirit<\/h5><p>In order to ensure the success of any joint project, our partners and clients are responsible for providing us with all relevant information related to it. Beyond the success of the mandate, the safety of our employees must also be taken into account<\/p>\t\t\t\t\t\t\t\t<\/div>\n\t\t\t\t<\/div>\n\t\t\t\t<div class=\"elementor-element elementor-element-f0daee9 ob-harakiri-inherit ob-has-background-overlay elementor-widget elementor-widget-text-editor\" data-id=\"f0daee9\" data-element_type=\"widget\" data-settings=\"{&quot;_ob_use_harakiri&quot;:&quot;yes&quot;,&quot;_ob_harakiri_writing_mode&quot;:&quot;inherit&quot;,&quot;_ob_postman_use&quot;:&quot;no&quot;,&quot;_ob_widget_stalker_use&quot;:&quot;no&quot;,&quot;_ob_poopart_use&quot;:&quot;yes&quot;,&quot;_ob_shadough_use&quot;:&quot;no&quot;,&quot;_ob_allow_hoveranimator&quot;:&quot;no&quot;}\" data-widget_type=\"text-editor.default\">\n\t\t\t\t<div class=\"elementor-widget-container\">\n\t\t\t\t\t\t\t\t\t<h3>Ownership \/ Confidentiality<\/h3><p>Any document, material, or information provided to us or arising from the execution of a mandate is considered confidential. It is understood that during and after the business relationship, we will adhere to our statutory duties, including the obligation to refrain from taking any actions that may involve the use of said confidential information obtained during our mandate, such as a client list and their contact details or a list of prices, rates, or other compensation methods, as well as the use of any intellectual property, including software, databases, or studies. We will use the information solely for the purpose of executing the mandate, will reproduce the information only if required, and will refrain from disclosing such information to any unrelated third party without the prior written consent of the partner<\/p><p>Any information deemed confidential will remain the property of its owner and will be returned upon receipt of a written or verbal request, or when we have determined that we no longer need this information. We agree that all obligations under this section will remain in effect after the completion of any mandate, regardless of the reason for its termination.<\/p><p>All plans, specifications, diagrams, and other documents prepared by us\/for us for the purposes of a mandate are our property. However, a copy of these plans, specifications, diagrams, drawings, reports, and other documents may be provided to the partner upon request, for documentation purposes only. Their use, in whole or in part, for another mandate or for the addition of other work to the mandate, is prohibited without our prior written consent and compensation according to the rates in effect at the time of reuse of these plans, specifications, diagrams, drawings, reports, and other documents.<\/p><p>Regarding the expertise, the content of the expertise and all information exchanged during the process are confidential and the property of the client. This report may only be used by the partner and distributed to the persons, organizations, or companies authorized by the partner, except when disclosure of the content of the report and accompanying documents is required by law. The report will be retained for 7 years after its delivery.<\/p>\t\t\t\t\t\t\t\t<\/div>\n\t\t\t\t<\/div>\n\t\t\t\t<div class=\"elementor-element elementor-element-a715e61 ob-harakiri-inherit ob-has-background-overlay elementor-widget elementor-widget-text-editor\" data-id=\"a715e61\" data-element_type=\"widget\" data-settings=\"{&quot;_ob_use_harakiri&quot;:&quot;yes&quot;,&quot;_ob_harakiri_writing_mode&quot;:&quot;inherit&quot;,&quot;_ob_postman_use&quot;:&quot;no&quot;,&quot;_ob_widget_stalker_use&quot;:&quot;no&quot;,&quot;_ob_poopart_use&quot;:&quot;yes&quot;,&quot;_ob_shadough_use&quot;:&quot;no&quot;,&quot;_ob_allow_hoveranimator&quot;:&quot;no&quot;}\" data-widget_type=\"text-editor.default\">\n\t\t\t\t<div class=\"elementor-widget-container\">\n\t\t\t\t\t\t\t\t\t<h3>Billing<\/h3><p>We will issue our invoice according to the agreed terms for our services. The payment terms are net 30 days from the date of receipt of the invoice.<\/p><p>We will invoice based on the receipt of full payment for the services provided. We commit to informing our clients and partners reasonably in advance of any expenses likely to exceed the estimated amount.<\/p><p>In the event of a failure to fulfill obligations, particularly in paying the fees for the services obtained, our obligations will be suspended. Services will resume once the default has been corrected.<\/p>\t\t\t\t\t\t\t\t<\/div>\n\t\t\t\t<\/div>\n\t\t\t\t\t<\/div>\n\t\t<\/div>\n\t\t\t\t\t<\/div>\n\t\t<\/section>\n\t\t\t\t\t<\/div>\n\t\t<\/div>\n\t\t\t\t\t<\/div>\n\t\t<\/section>\n\t\t\t\t<\/div>","protected":false},"excerpt":{"rendered":"<p>Droit de propri\u00e9t\u00e9 Marque de commerce Les logos et marques de commerces affich\u00e9s sur ce site sont la propri\u00e9t\u00e9 de Construction Interlag Inc ou de tierces parties. Leur utilisation ou reproduction est interdite sans le consentement par \u00e9crit de leur [&hellip;]<\/p>","protected":false},"author":1,"featured_media":0,"parent":0,"menu_order":0,"comment_status":"closed","ping_status":"closed","template":"","meta":{"_acf_changed":false,"footnotes":""},"class_list":["post-11883","page","type-page","status-publish","hentry"],"acf":[],"_links":{"self":[{"href":"https:\/\/interlag.com\/en\/wp-json\/wp\/v2\/pages\/11883","targetHints":{"allow":["GET"]}}],"collection":[{"href":"https:\/\/interlag.com\/en\/wp-json\/wp\/v2\/pages"}],"about":[{"href":"https:\/\/interlag.com\/en\/wp-json\/wp\/v2\/types\/page"}],"author":[{"embeddable":true,"href":"https:\/\/interlag.com\/en\/wp-json\/wp\/v2\/users\/1"}],"replies":[{"embeddable":true,"href":"https:\/\/interlag.com\/en\/wp-json\/wp\/v2\/comments?post=11883"}],"version-history":[{"count":9,"href":"https:\/\/interlag.com\/en\/wp-json\/wp\/v2\/pages\/11883\/revisions"}],"predecessor-version":[{"id":11994,"href":"https:\/\/interlag.com\/en\/wp-json\/wp\/v2\/pages\/11883\/revisions\/11994"}],"wp:attachment":[{"href":"https:\/\/interlag.com\/en\/wp-json\/wp\/v2\/media?parent=11883"}],"curies":[{"name":"wp","href":"https:\/\/api.w.org\/{rel}","templated":true}]}}